{"id":3,"date":"2023-11-07T11:28:14","date_gmt":"2023-11-07T14:28:14","guid":{"rendered":"http:\/\/ismaelcolosi.com.br\/?page_id=3"},"modified":"2023-11-15T13:19:52","modified_gmt":"2023-11-15T16:19:52","slug":"politica-de-privacidade","status":"publish","type":"page","link":"https:\/\/ismaelcolosi.com.br\/index.php\/politica-de-privacidade\/","title":{"rendered":"Pol\u00edtica de privacidade"},"content":{"rendered":"\n<h2><span style=\"color: rgb(68, 68, 68);\">Pol\u00edtica Privacidade<\/span><\/h2><p><span style=\"color: rgb(68, 68, 68);\">A sua privacidade \u00e9 importante para n\u00f3s. \u00c9 pol\u00edtica do Vida Real respeitar a sua privacidade em rela\u00e7\u00e3o a qualquer informa\u00e7\u00e3o sua que possamos coletar no site <a href=\"https:\/\/ismaelcolosi.com.br\/\">Vida Real<\/a>, e outros sites que possu\u00edmos e operamos.<\/span><\/p><p><span style=\"color: rgb(68, 68, 68);\">Solicitamos informa\u00e7\u00f5es pessoais apenas quando realmente precisamos delas para lhe fornecer um servi\u00e7o. Fazemo-lo por meios justos e legais, com o seu conhecimento e consentimento. Tamb\u00e9m informamos por que estamos coletando e como ser\u00e1 usado.<\/span><\/p><p><span style=\"color: rgb(68, 68, 68);\">Apenas retemos as informa\u00e7\u00f5es coletadas pelo tempo necess\u00e1rio para fornecer o servi\u00e7o solicitado. Quando armazenamos dados, protegemos dentro de meios comercialmente aceit\u00e1veis \u200b\u200bpara evitar perdas e roubos, bem como acesso, divulga\u00e7\u00e3o, c\u00f3pia, uso ou modifica\u00e7\u00e3o n\u00e3o autorizados.<\/span><\/p><p><span style=\"color: rgb(68, 68, 68);\">N\u00e3o compartilhamos informa\u00e7\u00f5es de identifica\u00e7\u00e3o pessoal publicamente ou com terceiros, exceto quando exigido por lei.<\/span><\/p><p><span style=\"color: rgb(68, 68, 68);\">O nosso site pode ter links para sites externos que n\u00e3o s\u00e3o operados por n\u00f3s. Esteja ciente de que n\u00e3o temos controle sobre o conte\u00fado e pr\u00e1ticas desses sites e n\u00e3o podemos aceitar responsabilidade por suas respectivas&nbsp;<\/span><a href=\"https:\/\/politicaprivacidade.com\/\" rel=\"noopener noreferrer\" target=\"_blank\" style=\"background-color: transparent; color: rgb(68, 68, 68);\">pol\u00edticas de privacidade<\/a><span style=\"color: rgb(68, 68, 68);\">.<\/span><\/p><p><span style=\"color: rgb(68, 68, 68);\">Voc\u00ea \u00e9 livre para recusar a nossa solicita\u00e7\u00e3o de informa\u00e7\u00f5es pessoais, entendendo que talvez n\u00e3o possamos fornecer alguns dos servi\u00e7os desejados.<\/span><\/p><p><span style=\"color: rgb(68, 68, 68);\">O uso continuado de nosso site ser\u00e1 considerado como aceita\u00e7\u00e3o de nossas pr\u00e1ticas em torno de privacidade e informa\u00e7\u00f5es pessoais. Se voc\u00ea tiver alguma d\u00favida sobre como lidamos com dados do usu\u00e1rio e informa\u00e7\u00f5es pessoais, entre em contacto connosco.<\/span><\/p><p><span style=\"color: rgb(68, 68, 68);\"><ul><li><span style=\"color: rgb(68, 68, 68);\">O servi\u00e7o Google AdSense que usamos para veicular publicidade usa um cookie DoubleClick para veicular an\u00fancios mais relevantes em toda a Web e limitar o n\u00famero de vezes que um determinado an\u00fancio \u00e9 exibido para voc\u00ea.<\/span><\/li><li><span style=\"color: rgb(68, 68, 68);\">Para mais informa\u00e7\u00f5es sobre o Google AdSense, consulte as FAQs oficiais sobre privacidade do Google AdSense.<\/span><\/li><li><span style=\"color: rgb(68, 68, 68);\">Utilizamos an\u00fancios para compensar os custos de funcionamento deste site e fornecer financiamento para futuros desenvolvimentos. Os cookies de publicidade comportamental usados \u200b\u200bpor este site foram projetados para garantir que voc\u00ea forne\u00e7a os an\u00fancios mais relevantes sempre que poss\u00edvel, rastreando anonimamente seus interesses e apresentando coisas semelhantes que possam ser do seu interesse.<\/span><\/li><li><span style=\"color: rgb(68, 68, 68);\">V\u00e1rios parceiros anunciam em nosso nome e os cookies de rastreamento de afiliados simplesmente nos permitem ver se nossos clientes acessaram o site atrav\u00e9s de um dos sites de nossos parceiros, para que possamos credit\u00e1-los adequadamente e, quando aplic\u00e1vel, permitir que nossos parceiros afiliados ofere\u00e7am qualquer promo\u00e7\u00e3o que pode fornec\u00ea-lo para fazer uma compra.<\/span><\/li><\/ul><p><br><\/p><\/span><\/p><h3><span style=\"color: rgb(68, 68, 68);\">Compromisso do Usu\u00e1rio<\/span><\/h3><p><span style=\"color: rgb(68, 68, 68);\">O usu\u00e1rio se compromete a fazer uso adequado dos conte\u00fados e da informa\u00e7\u00e3o que o Vida Real oferece no site e com car\u00e1ter enunciativo, mas n\u00e3o limitativo:<\/span><\/p><ul><li><span style=\"color: rgb(68, 68, 68);\">A) N\u00e3o se envolver em atividades que sejam ilegais ou contr\u00e1rias \u00e0 boa f\u00e9 a \u00e0 ordem p\u00fablica;<\/span><\/li><li><span style=\"color: rgb(68, 68, 68);\">B) N\u00e3o difundir propaganda ou conte\u00fado de natureza racista, xenof\u00f3bica, <\/span><span style=\"color: rgb(33, 37, 41);\"><a href='https:\/\/kiwibet.br.com' style='color:inherit !important; text-decoration: none !important; font-size: inherit !important;'>kiwibet<\/a><\/span><span style=\"color: rgb(68, 68, 68);\"> ou azar, qualquer tipo de pornografia ilegal, de apologia ao terrorismo ou contra os direitos humanos;<\/span><\/li><li><span style=\"color: rgb(68, 68, 68);\">C) N\u00e3o causar danos aos sistemas f\u00edsicos (hardwares) e l\u00f3gicos (softwares) do Vida Real, de seus fornecedores ou terceiros, para introduzir ou disseminar v\u00edrus inform\u00e1ticos ou quaisquer outros sistemas de hardware ou software que sejam capazes de causar danos anteriormente mencionados.<\/span><\/li><\/ul><h3><span style=\"color: rgb(68, 68, 68);\">Mais informa\u00e7\u00f5es<\/span><\/h3><p><span style=\"color: rgb(68, 68, 68);\">Esperemos que esteja esclarecido e, como mencionado anteriormente, se houver algo que voc\u00ea n\u00e3o tem certeza se precisa ou n\u00e3o, geralmente \u00e9 mais seguro deixar os cookies ativados, caso interaja com um dos recursos que voc\u00ea usa em nosso site.<\/span><\/p><p><span style=\"color: rgb(68, 68, 68);\">Esta pol\u00edtica \u00e9 efetiva a partir de&nbsp;15 November 2023 16:13<\/span><\/p>\nSobre a Pol\u00edtica de Privacidade e Termos de Uso\n\n\nO que \u00e9 uma Pol\u00edtica de Privacidade?\nUma pol\u00edtica de privacidade \u00e9 um documento que explica como um website lida com toda a informa\u00e7\u00e3o coletada dos seus utilizadores e\/ou clientes. \u00c9 uma boa pr\u00e1tica dizer aos utilizadores como os sites armazenam e fazem uso desses dados.\n\nA Import\u00e2ncia da Pol\u00edtica de Privacidade\nAs pol\u00edticas de privacidade podem ser exigidas por lei, dependendo de onde voc\u00ea opera. Em qualquer caso, \u00e9 uma boa pr\u00e1tica ter uma pol\u00edtica de privacidade de prote\u00e7\u00e3o de dados, especialmente se voc\u00ea colectar qualquer tipo de dados privados de seus usu\u00e1rios (por exemplo, dados de cookies, detalhes de pagamento, endere\u00e7o e n\u00famero de telefone). Al\u00e9m disso, voc\u00ea pode precisar de uma pol\u00edtica de privacidade para usar Google AdSense, APIs e servi\u00e7os de terceiros como o Instagram ou listar seu aplicativo em um mercado comercial como o Google Play. Se o seu site envolver usu\u00e1rios no Espa\u00e7o Econ\u00f3mico Europeu, voc\u00ea poder\u00e1 ser obrigado a publicar uma pol\u00edtica de privacidade em conformidade com o GDPR.\n\nO que s\u00e3o Termos de Uso (Termos e Condi\u00e7\u00f5es)?\nTecnicamente, voc\u00ea n\u00e3o precisa de uma declara\u00e7\u00e3o de termos de servi\u00e7o. N\u00e3o \u00e9 exigido por lei, mas geralmente \u00e9 aconselh\u00e1vel incluir esses termos no seu site para cobrir as expectativas e acordos entre voc\u00ea e seus usu\u00e1rios.\n\nAlgumas empresas podem at\u00e9 solicitar que voc\u00ea disponibilize uma antes que possa entrar em um relacionamento com elas. Na maioria das vezes, os propriet\u00e1rios e usu\u00e1rios do site se comportam de maneira justa e razo\u00e1vel, tornando suas informa\u00e7\u00f5es de termos e condi\u00e7\u00f5es redundantes. No entanto, em circunst\u00e2ncias incomuns, como aquelas que envolvem abuso, roubo de propriedade intelectual ou comportamento ilegal, a indica\u00e7\u00e3o expl\u00edcita dos termos e condi\u00e7\u00f5es pode oferecer prote\u00e7\u00f5es b\u00e1sicas para voc\u00ea e sua empresa, limitando sua responsabilidade e esclarecendo seus direitos sobre o conte\u00fado publicado sobre a Pol\u00edtica de Privacidade e Termos de Uso.\n\nSobre N\u00f3s\n\n\nO que \u00e9 o PoliticaPrivacidade.com?\nPoliticaPrivacidade.com \u00e9 um gerador de pol\u00edticas de privacidade e termos de uso (tamb\u00e9m conhecido como termos e condi\u00e7\u00f5es) em lingua portuguesa (Portugal e Brasil) e inglesa totalmente gratuito e gerados em segundos.\n\nQuer seja para um loja em Shopify ou para um blog em WordPress, geramos simples pol\u00edticas de privacidade e termos de uso, prontos a adaptar para as suas necessidade.\n\nTudo o que \u00e9 gerado atrav\u00e9s do PoliticaPrivacidade.com pode ser usado sem qualquer tipo de cr\u00e9dito ou liga\u00e7\u00e3o. Altere livremente o conte\u00fado adaptando \u00e0 sua necessidade.\n\nO PoliticaPrivacidade.com n\u00e3o assume qualquer tipo responsabilidade do uso do conte\u00fado nele gerado em website de terceiros. Relembramos que ao gerar e usar a Pol\u00edtica de Privacidade e os Termos de Uso atrav\u00e9s do nosso site, n\u00e3o prescinde de aconselhamento legal para adaptar \u00e0 sua pr\u00e1tica de neg\u00f3cio.\n\nTem custos? Quanto Tempo Demora?\nN\u00e3o. \u00c9 totalmente gratuito e em menos de 10 segundos consegue gerar uma pol\u00edtica de privacidade e termos de uso (termos e condi\u00e7\u00f5es).\n\nQue sites geraram aqui uma Pol\u00edtica de Privacidade?\nVariad\u00edssimos sites reconhecidos usaram o nosso gerador para criar a sua pol\u00edtica de privacidade. Desde sites sobre Investir em Criptomoedas, Jogos de Hoje, Insper, e at\u00e9 Universidades como Universidade de Minas Gerais, Faculdade Teol\u00f3gica Sul Americana s\u00e3o apenas alguns da enorme lista.\n\nPerguntas Frequentes\nPoliticaPrivacidade | Todos os Direitos Reservados | 2011-2022 | Digital Solutions Media\n<div class='code-block code-block-4' style='margin: 8px auto 8px 0; text-align: left; display: block; clear: both;'>\n\ud83d\udce2 Aviso Legal\n\nO site ismaelcolosi.com.br atua apenas como um canal de divulga\u00e7\u00e3o de oportunidades de emprego e n\u00e3o se responsabiliza pelo processo seletivo, contrata\u00e7\u00e3o ou qualquer outra etapa relacionada \u00e0s vagas publicadas. Todas as informa\u00e7\u00f5es s\u00e3o de responsabilidade dos anunciantes.\n\n\u26a0\ufe0f Aten\u00e7\u00e3o! Nunca pague por promessas de emprego nem compre cursos que garantam contrata\u00e7\u00e3o. Desconfie de qualquer cobran\u00e7a para participar de sele\u00e7\u00f5es.<\/div>\n<!-- CONTENT END 1 -->\n","protected":false},"excerpt":{"rendered":"<p>Pol\u00edtica Privacidade A sua privacidade \u00e9 importante para n\u00f3s. \u00c9 pol\u00edtica do Vida Real respeitar a sua privacidade em rela\u00e7\u00e3o a qualquer informa\u00e7\u00e3o sua que&#8230;<\/p>\n","protected":false},"author":1,"featured_media":0,"parent":0,"menu_order":0,"comment_status":"closed","ping_status":"open","template":"","meta":{"om_disable_all_campaigns":false,"_uag_custom_page_level_css":"","_monsterinsights_skip_tracking":false,"_monsterinsights_sitenote_active":false,"_monsterinsights_sitenote_note":"","_monsterinsights_sitenote_category":0,"jetpack_post_was_ever_published":false,"_joinchat":[],"footnotes":""},"class_list":["post-3","page","type-page","status-publish","hentry"],"aioseo_notices":[],"uagb_featured_image_src":{"full":false,"thumbnail":false,"medium":false,"medium_large":false,"large":false,"1536x1536":false,"2048x2048":false,"really-simple-thumb":false},"uagb_author_info":{"display_name":"ismaelcolosi.com.br","author_link":"https:\/\/ismaelcolosi.com.br\/index.php\/author\/vidareal-online\/"},"uagb_comment_info":0,"uagb_excerpt":"Pol\u00edtica Privacidade A sua privacidade \u00e9 importante para n\u00f3s. \u00c9 pol\u00edtica do Vida Real respeitar a sua privacidade em rela\u00e7\u00e3o a qualquer informa\u00e7\u00e3o sua que...","jetpack-related-posts":[{"id":2359,"url":"https:\/\/ismaelcolosi.com.br\/index.php\/quem-somos\/","url_meta":{"origin":3,"position":0},"title":"Quem somos","author":"ismaelcolosi.com.br","date":"15 de November de 2023","format":false,"excerpt":"Quem Somos Bem-vindo ao VidaReal.online, sua plataforma digital dedicada \u00e0 transforma\u00e7\u00e3o de vidas atrav\u00e9s de oportunidades de emprego, desenvolvimento pessoal e profissional, concursos p\u00fablicos, est\u00e1gios, cursos gratuitos, al\u00e9m de trazer curiosidades, not\u00edcias e variedades para enriquecer sua jornada. Nossa miss\u00e3o \u00e9 ser a ponte que conecta sonhos a realiza\u00e7\u00f5es, proporcionando\u2026","rel":"","context":"Similar post","block_context":{"text":"Similar post","link":""},"img":{"alt_text":"","src":"","width":0,"height":0},"classes":[]},{"id":9130,"url":"https:\/\/ismaelcolosi.com.br\/index.php\/grupos-de-empregos-whatsapp\/","url_meta":{"origin":3,"position":1},"title":"Grupos de Empregos &#8211; Whatsapp","author":"ismaelcolosi.com.br","date":"1 de December de 2023","format":false,"excerpt":"Entre no melhor grupo de empregos do Whatsapp: Como Funciona um Grupo de WhatsApp de Vagas de Empregos Introdu\u00e7\u00e3o Em meio \u00e0 revolu\u00e7\u00e3o digital, os grupos de WhatsApp tornaram-se n\u00e3o apenas ferramentas de comunica\u00e7\u00e3o, mas tamb\u00e9m comunidades vibrantes que compartilham interesses comuns. Um exemplo not\u00e1vel \u00e9 o grupo de WhatsApp\u2026","rel":"","context":"Similar post","block_context":{"text":"Similar post","link":""},"img":{"alt_text":"","src":"https:\/\/i0.wp.com\/ismaelcolosi.com.br\/wp-content\/uploads\/2023\/11\/grupo-de-empregos-whatsapp-e-facebook-ismael-colosi-vagas.jpg?resize=350%2C200&ssl=1","width":350,"height":200,"srcset":"https:\/\/i0.wp.com\/ismaelcolosi.com.br\/wp-content\/uploads\/2023\/11\/grupo-de-empregos-whatsapp-e-facebook-ismael-colosi-vagas.jpg?resize=350%2C200&ssl=1 1x, https:\/\/i0.wp.com\/ismaelcolosi.com.br\/wp-content\/uploads\/2023\/11\/grupo-de-empregos-whatsapp-e-facebook-ismael-colosi-vagas.jpg?resize=525%2C300&ssl=1 1.5x"},"classes":[]}],"jetpack_sharing_enabled":true,"jetpack_shortlink":"https:\/\/wp.me\/PfMlyK-3","_links":{"self":[{"href":"https:\/\/ismaelcolosi.com.br\/index.php\/wp-json\/wp\/v2\/pages\/3","targetHints":{"allow":["GET"]}}],"collection":[{"href":"https:\/\/ismaelcolosi.com.br\/index.php\/wp-json\/wp\/v2\/pages"}],"about":[{"href":"https:\/\/ismaelcolosi.com.br\/index.php\/wp-json\/wp\/v2\/types\/page"}],"author":[{"embeddable":true,"href":"https:\/\/ismaelcolosi.com.br\/index.php\/wp-json\/wp\/v2\/users\/1"}],"replies":[{"embeddable":true,"href":"https:\/\/ismaelcolosi.com.br\/index.php\/wp-json\/wp\/v2\/comments?post=3"}],"version-history":[{"count":3,"href":"https:\/\/ismaelcolosi.com.br\/index.php\/wp-json\/wp\/v2\/pages\/3\/revisions"}],"predecessor-version":[{"id":2399,"href":"https:\/\/ismaelcolosi.com.br\/index.php\/wp-json\/wp\/v2\/pages\/3\/revisions\/2399"}],"wp:attachment":[{"href":"https:\/\/ismaelcolosi.com.br\/index.php\/wp-json\/wp\/v2\/media?parent=3"}],"curies":[{"name":"wp","href":"https:\/\/api.w.org\/{rel}","templated":true}]}}